{"id":2399,"date":"2013-12-05T19:48:46","date_gmt":"2013-12-05T19:48:46","guid":{"rendered":"http:\/\/wpexplorer-demos.com\/total\/?page_id=2399"},"modified":"2021-10-13T09:05:33","modified_gmt":"2021-10-13T09:05:33","slug":"real-estate","status":"publish","type":"page","link":"https:\/\/matterport.az\/az\/real-estate\/","title":{"rendered":"Da\u015f\u0131nmaz \u018fmlak"},"content":{"rendered":"<div class=\"vc_row wpb_row vc_row-fluid\"><div class=\"wpb_column vc_column_container vc_col-sm-12\"><div class=\"vc_column-inner\"><div class=\"wpb_wrapper\">\n\t<div  class=\"wpb_single_image wpb_content_element vc_align_\">\n\t\t\n\t\t<figure class=\"wpb_wrapper vc_figure\">\n\t\t\t<div class=\"vc_single_image-wrapper   vc_box_border_grey\"><img loading=\"lazy\" decoding=\"async\" width=\"2000\" height=\"750\" src=\"https:\/\/matterport.az\/wp-content\/uploads\/2021\/09\/real-estate-banner2.jpg\" class=\"vc_single_image-img attachment-full\" alt=\"\" \/><\/div>\n\t\t<\/figure>\n\t<\/div>\n<\/div><\/div><\/div><\/div><div class=\"vc_row wpb_row vc_row-fluid vc_custom_1633429449119 wpex-vc_row-has-fill wpex-vc-reset-negative-margin\"><div class=\"wpb_column vc_column_container vc_col-sm-12\"><div class=\"vc_column-inner\"><div class=\"wpb_wrapper\"><h1 class=\"vcex-heading vcex-module wpex-text-2xl wpex-font-normal wpex-m-auto wpex-max-w-100 vcex-heading-plain wpex-block wpex-text-left\" style=\"color:#222222;font-family:Arial, Helvetica, sans-serif;font-size:50px;font-weight:700;\"><span class=\"vcex-heading-inner wpex-inline-block wpex-clr\">Da\u015f\u0131nmaz \u018fmlak<\/span><\/h1><div class=\"vcex-spacing wpex-w-100 wpex-clear\" style=\"height:30px\"><\/div>\n\t<div style=\"color:#222222;font-family:Arial, Helvetica, sans-serif;font-size:22px;\" class=\"wpb_text_column has-custom-color wpex-child-inherit-color wpb_content_element\" >\n\t\t<div class=\"wpb_wrapper\">\n\t\t\t<p>Da\u015f\u0131nmaz \u0259mlak agentliyi, broker v\u0259 ya \u0259mlak agenti olma\u011f\u0131n\u0131zdan as\u0131l\u0131 olmayaraq, 3D virtual turlar, \u0259linizd\u0259 olan m\u00fclkl\u0259ri daha geni\u015f aduitoriyaya \u00e7atd\u0131rmaq imkan\u0131 yarad\u0131r.<\/p>\n\n\t\t<\/div>\n\t<\/div>\n<\/div><\/div><\/div><\/div><div class=\"vc_row wpb_row vc_row-fluid vc_custom_1634113336191 wpex-vc_row-has-fill wpex-vc-reset-negative-margin\"><div class=\"wpb_column vc_column_container vc_col-sm-6\"><div class=\"vc_column-inner\"><div class=\"wpb_wrapper\">\n\t<div style=\"color:#f13156;font-family:Quicksand;font-size:100px;\" class=\"wpb_text_column has-custom-color wpex-child-inherit-color wpb_content_element\" >\n\t\t<div class=\"wpb_wrapper\">\n\t\t\t<p>74%<\/p>\n\n\t\t<\/div>\n\t<\/div>\n\n\t<div style=\"color:#222222;font-family:Arial, Helvetica, sans-serif;font-size:16px;\" class=\"wpb_text_column has-custom-color wpex-child-inherit-color wpb_content_element\" >\n\t\t<div class=\"wpb_wrapper\">\n\t\t\t<p>3D virtual tur istifad\u0259 ed\u0259n agentl\u0259rin daha \u00e7ox m\u00fc\u015ft\u0259ri \u0259ld\u0259 etm\u0259 m\u00fcmk\u00fcnl\u00fcy\u00fc<\/p>\n\n\t\t<\/div>\n\t<\/div>\n<\/div><\/div><\/div><div class=\"wpb_column vc_column_container vc_col-sm-6\"><div class=\"vc_column-inner\"><div class=\"wpb_wrapper\">\n\t<div style=\"color:#222222;font-family:Quicksand;font-size:100px;\" class=\"wpb_text_column has-custom-color wpex-child-inherit-color wpb_content_element\" >\n\t\t<div class=\"wpb_wrapper\">\n\t\t\t<p>95%<\/p>\n\n\t\t<\/div>\n\t<\/div>\n\n\t<div style=\"color:#222222;font-family:Arial, Helvetica, sans-serif;font-size:16px;\" class=\"wpb_text_column has-custom-color wpex-child-inherit-color wpb_content_element\" >\n\t\t<div class=\"wpb_wrapper\">\n\t\t\t<p>m\u00fc\u015ft\u0259ril\u0259rin \u0259mlak\u0131n 3D virtual turlar\u0131n\u0131 g\u00f6r\u00fcb  z\u0259ng etm\u0259 m\u00fcmk\u00fcnl\u00fcy\u00fc<\/p>\n\n\t\t<\/div>\n\t<\/div>\n<\/div><\/div><\/div><\/div><div class=\"vc_row wpb_row vc_row-fluid vc_custom_1633957649740\"><div class=\"wpb_column vc_column_container vc_col-sm-12\"><div class=\"vc_column-inner\"><div class=\"wpb_wrapper\"><div class=\"vcex-multi-buttons vcex-clr vcex-small-screen-full-width\" style=\"font-family:Arial, Helvetica, sans-serif;font-weight:400;text-align:left;\"><a href=\"https:\/\/matterport.az\/az\/contact-us\/\" class=\"theme-button flat vcex-count-1\" style=\" background:#222222;\" data-wpex-hover=\"{&quot;background&quot;:&quot;#f13156&quot;}\">B\u0130Z\u0130ML\u018f \u018fLAQ\u018f SAXLAYIN<\/a><a href=\"https:\/\/matterport.az\/az\/portfolio\/\" class=\"theme-button outline vcex-count-2\" style=\" border-color:#222222;color:#222222;\" data-wpex-hover=\"{&quot;background&quot;:&quot;#f13156&quot;}\">3D N\u00dcMUN\u018fL\u018fR\u018f BAXIN<\/a><\/div><\/div><\/div><\/div><\/div><div class=\"vc_row wpb_row vc_row-fluid vc_custom_1633428702830 wpex-vc_row-has-fill wpex-vc-reset-negative-margin\"><div class=\"wpb_column vc_column_container vc_col-sm-6\"><div class=\"vc_column-inner\"><div class=\"wpb_wrapper\"><h1 class=\"vcex-heading vcex-module wpex-text-2xl wpex-font-normal wpex-m-auto wpex-max-w-100 vcex-heading-plain wpex-block\" style=\"color:#f5f4f3;font-family:Arial, Helvetica, sans-serif;font-size:25px;font-weight:700;\"><span class=\"vcex-heading-inner wpex-inline-block wpex-clr\">Da\u015f\u0131nmaz \u018fmlak<\/span><\/h1><div class=\"vcex-spacing wpex-w-100 wpex-clear\" style=\"height:30px\"><\/div>\n\t<div style=\"color:#f5f4f3;font-family:Arial, Helvetica, sans-serif;font-size:16px;text-align:left;\" class=\"wpb_text_column has-custom-color wpex-child-inherit-color wpb_content_element\" >\n\t\t<div class=\"wpb_wrapper\">\n\t\t\t<p>Biz siz\u0259 texnoloji olaraq f\u0259rql\u0259nm\u0259yinizl\u0259 b\u0259rab\u0259r, h\u0259m d\u0259, sizin da\u015f\u0131nmaz \u0259mlak agenti kimi markan\u0131z\u0131 daha \u00e7ox tan\u0131tma\u011fa k\u00f6m\u0259k edirik.<\/p>\n<p>3D virtual tur t\u0259klifi ed\u0259n \u0259mlak agentliyi m\u00fcasir d\u00fcnya il\u0259 ayaqla\u015faraq ilk bax\u0131\u015fdan m\u00fc\u015ft\u0259ril\u0259rind\u0259 g\u00fcv\u0259nli t\u0259\u0259s\u00fcrat yarad\u0131r.<\/p>\n\n\t\t<\/div>\n\t<\/div>\n<\/div><\/div><\/div><div class=\"wpb_column vc_column_container vc_col-sm-6\"><div class=\"vc_column-inner\"><div class=\"wpb_wrapper\"><h1 class=\"vcex-heading vcex-module wpex-text-2xl wpex-font-normal wpex-m-auto wpex-max-w-100 vcex-heading-plain wpex-block\" style=\"color:#f5f4f3;font-family:Arial, Helvetica, sans-serif;font-size:25px;font-weight:700;\"><span class=\"vcex-heading-inner wpex-inline-block wpex-clr\">Ticari \u018fmlak<\/span><\/h1><div class=\"vcex-spacing wpex-w-100 wpex-clear\" style=\"height:30px\"><\/div>\n\t<div style=\"color:#f5f4f3;font-family:Arial, Helvetica, sans-serif;font-size:16px;text-align:left;\" class=\"wpb_text_column has-custom-color wpex-child-inherit-color wpb_content_element\" >\n\t\t<div class=\"wpb_wrapper\">\n\t\t\t<p>3D virtual h\u0259ll\u0259r biznes \u00fc\u00e7\u00fcn \u0259lveri\u015fli i\u015f m\u0259kanlar\u0131 haqq\u0131nda \u0259n do\u011fru t\u0259sviri yaratma\u011fa v\u0259 m\u00fc\u015ft\u0259ril\u0259r\u0259 g\u00fcv\u0259n verm\u0259y\u0259 imkan yarad\u0131r.<\/p>\n<p>Xidm\u0259tl\u0259rimiz say\u0259sind\u0259 vaxt\u0131n\u0131za v\u0259 pulunuza q\u0259na\u0259t ed\u0259r\u0259k, onlayn axtar\u0131\u015f v\u0259 g\u00f6r\u00fcnt\u00fc prosesl\u0259rind\u0259 daha s\u0259m\u0259r\u0259li f\u0259aliyy\u0259t g\u00f6st\u0259r\u0259c\u0259ksiniz.<\/p>\n\n\t\t<\/div>\n\t<\/div>\n<\/div><\/div><\/div><\/div><div class=\"vc_row wpb_row vc_row-fluid vc_custom_1633428718365\"><div class=\"wpb_column vc_column_container vc_col-sm-12\"><div class=\"vc_column-inner\"><div class=\"wpb_wrapper\"><h1 class=\"vcex-heading vcex-module wpex-text-2xl wpex-font-normal wpex-m-auto wpex-max-w-100 vcex-heading-plain wpex-block wpex-text-left\" style=\"color:#222222;font-family:Arial, Helvetica, sans-serif;font-size:35px;font-weight:700;\"><span class=\"vcex-heading-inner wpex-inline-block wpex-clr\">Biziml\u0259 geni\u015f avantajlar \u0259ld\u0259 edin<\/span><\/h1><div class=\"vcex-spacing wpex-w-100 wpex-clear\" style=\"height:20px\"><\/div>\n\t<div style=\"color:#222222;font-family:Arial, Helvetica, sans-serif;font-size:22px;\" class=\"wpb_text_column has-custom-color wpex-child-inherit-color wpb_content_element\" >\n\t\t<div class=\"wpb_wrapper\">\n\t\t\t<p>M\u00fc\u015ft\u0259ril\u0259riniz\u0259 m\u00fclkl\u0259rinizi 3D g\u00f6rm\u0259y\u0259 imkan yarad\u0131b, r\u0259qab\u0259td\u0259 \u00f6n\u0259 \u00e7\u0131xaraq normal foto v\u0259 360 turlarla m\u00fcmk\u00fcn olmayan t\u0259sir imkanlar\u0131na malik ola bil\u0259rsiniz.<\/p>\n\n\t\t<\/div>\n\t<\/div>\n<\/div><\/div><\/div><\/div><div class=\"vc_row wpb_row vc_row-fluid vc_custom_1633428762399 wpex-vc_row-has-fill wpex-vc-reset-negative-margin\"><div class=\"wpb_column vc_column_container vc_col-sm-6\"><div class=\"vc_column-inner\"><div class=\"wpb_wrapper\">\n\t<div class=\"wpb_raw_code wpb_content_element wpb_raw_html\" >\n\t\t<div class=\"wpb_wrapper\">\n\t\t\t<iframe loading=\"lazy\" src=\"https:\/\/my.matterport.com\/show\/?m=VWFj83cB2mY&amp;help=0&amp;play=1&amp;qs=1&amp;brand=0&amp;mls=2&amp;vr=1\" width=\"100%\" height=\"300\" frameborder=\"0\" allowfullscreen=\"allowfullscreen\"><\/iframe>\n\t\t<\/div>\n\t<\/div>\n<\/div><\/div><\/div><div class=\"wpb_column vc_column_container vc_col-sm-6\"><div class=\"vc_column-inner\"><div class=\"wpb_wrapper\"><h1 class=\"vcex-heading vcex-module wpex-text-2xl wpex-font-normal wpex-m-auto wpex-max-w-100 vcex-heading-plain wpex-block wpex-text-left\" style=\"color:#222222;font-family:Arial, Helvetica, sans-serif;font-size:25px;font-weight:700;\"><span class=\"vcex-heading-inner wpex-inline-block wpex-clr\">\u018fn yax\u015f\u0131 t\u0259qdimat\u0131 siz haz\u0131rlay\u0131n<\/span><\/h1><div class=\"vcex-spacing wpex-w-100 wpex-clear\" style=\"height:30px\"><\/div>\n\t<div style=\"color:#222222;font-family:Arial, Helvetica, sans-serif;font-size:16px;text-align:left;\" class=\"wpb_text_column has-custom-color wpex-child-inherit-color wpb_content_element\" >\n\t\t<div class=\"wpb_wrapper\">\n\t\t\t<p class=\"narrative-content__title\"><span style=\"color: #616161; font-size: 14px;\">3D virtual tur il\u0259 model i\u00e7\u0259risind\u0259 ist\u0259nil\u0259n zaman \u0259mlak\u0131n ist\u0259nil\u0259n n\u00f6qt\u0259sin\u0259 g\u0259z\u0259r\u0259k baxmaq imkanlar\u0131n\u0131 t\u0259qdim ed\u0259r\u0259k  potensial m\u00fc\u015ft\u0259ril\u0259rin diqq\u0259tini c\u0259lb edin.<\/span><\/p>\n<div class=\"narrative-content__body\">\n<ul>\n<li>Sat\u0131\u015f qiym\u0259tini 4-9% art\u0131r\u0131n.<\/li>\n<li>M\u00fclk\u00fcn sat\u0131\u015fda qalma m\u00fcdd\u0259tini 31% azald\u0131n.<\/li>\n<li>3D virtual tur 90% al\u0131c\u0131ya h\u0259min m\u00fclk\u00fc \u0259ld\u0259 etm\u0259y\u0259 t\u0259\u015fviq ed\u0259c\u0259kdir.<\/li>\n<\/ul>\n<p>\u018fmlakla ba\u011fl\u0131 q\u00fcsursuz m\u0259lumatlar\u0131 izl\u0259yicil\u0259r\u0259 t\u0259qdim edib, uy\u011fun olmayan hiss\u0259l\u0259ri s\u00fcg\u0259cd\u0259n ke\u00e7irib h\u0259min m\u00fclk h\u0259qiq\u0259t\u0259n maraql\u0131 olan potensial m\u00fc\u015ft\u0259ril\u0259ri c\u0259lb ed\u0259 bil\u0259rsiniz.<\/p>\n<\/div>\n\n\t\t<\/div>\n\t<\/div>\n<\/div><\/div><\/div><\/div><div class=\"vc_row wpb_row vc_row-fluid vc_custom_1634114542169 wpex-vc_row-has-fill wpex-vc-reset-negative-margin\"><div class=\"wpb_column vc_column_container vc_col-sm-6\"><div class=\"vc_column-inner\"><div class=\"wpb_wrapper\"><h1 class=\"vcex-heading vcex-module wpex-text-2xl wpex-font-normal wpex-m-auto wpex-max-w-100 vcex-heading-plain wpex-block wpex-text-left\" style=\"color:#222222;font-family:Arial, Helvetica, sans-serif;font-size:25px;font-weight:700;\"><span class=\"vcex-heading-inner wpex-inline-block wpex-clr\">Sizi f\u0259rqli ed\u0259n inan\u0131lmaz m\u00fc\u015ft\u0259ri t\u0259cr\u00fcb\u0259sind\u0259n yararlan\u0131n<\/span><\/h1><div class=\"vcex-spacing wpex-w-100 wpex-clear\" style=\"height:30px\"><\/div>\n\t<div style=\"color:#222222;font-family:Arial, Helvetica, sans-serif;font-size:16px;\" class=\"wpb_text_column has-custom-color wpex-child-inherit-color wpb_content_element\" >\n\t\t<div class=\"wpb_wrapper\">\n\t\t\t<p class=\"narrative-content__title narrative-content__title--no-top heading heading--3\"><span style=\"color: #616161; font-size: 14px;\">D\u00f6vr\u00fcm\u00fcz\u00fcn ev al\u0131c\u0131 v\u0259 sat\u0131c\u0131lar\u0131na \u0259n \u015f\u0259ffaf, m\u0259lumatl\u0131 v\u0259 t\u0259sirli vasit\u0259l\u0259ri t\u0259qdim edin<\/span><\/p>\n<div class=\"narrative-content__body\">\n<ul>\n<li>Sat\u0131c\u0131lar\u0131n 99%-i 3D virtual turun r\u0259qab\u0259t \u00fcst\u00fcnl\u00fcy\u00fc ver\u0259c\u0259yind\u0259n \u0259mindir.<\/li>\n<li>82% \u0259mlak\u00e7\u0131 art\u0131q 3D virtual xidm\u0259tl\u0259r t\u0259klif etm\u0259k bar\u0259d\u0259 d\u00fc\u015f\u00fcn\u00fcr.<\/li>\n<\/ul>\n<\/div>\n\n\t\t<\/div>\n\t<\/div>\n<\/div><\/div><\/div><div class=\"wpb_column vc_column_container vc_col-sm-6\"><div class=\"vc_column-inner\"><div class=\"wpb_wrapper\">\n\t<div class=\"wpb_raw_code wpb_content_element wpb_raw_html\" >\n\t\t<div class=\"wpb_wrapper\">\n\t\t\t<iframe loading=\"lazy\" src=\"https:\/\/my.matterport.com\/show\/?m=jz5oFejZ1n9&amp;help=0&amp;play=1&amp;qs=1&amp;brand=0&amp;mls=2&amp;vr=1\" width=\"100%\" height=\"300\" frameborder=\"0\" allowfullscreen=\"allowfullscreen\"><\/iframe>\n\t\t<\/div>\n\t<\/div>\n<\/div><\/div><\/div><\/div><div class=\"vc_row wpb_row vc_row-fluid vc_custom_1634114553031\"><div class=\"wpb_column vc_column_container vc_col-sm-12\"><div class=\"vc_column-inner\"><div class=\"wpb_wrapper\"><h1 class=\"vcex-heading vcex-module wpex-text-2xl wpex-font-normal wpex-m-auto wpex-max-w-100 vcex-heading-plain wpex-block wpex-text-left\" style=\"color:#222222;font-family:Arial, Helvetica, sans-serif;font-size:35px;font-weight:700;\"><span class=\"vcex-heading-inner wpex-inline-block wpex-clr\">Qeyd<\/span><\/h1><div class=\"vcex-spacing wpex-w-100 wpex-clear\" style=\"height:20px\"><\/div>\n\t<div style=\"color:#222222;font-family:Arial, Helvetica, sans-serif;font-size:22px;\" class=\"wpb_text_column has-custom-color wpex-child-inherit-color wpb_content_element\" >\n\t\t<div class=\"wpb_wrapper\">\n\t\t\t<p>\u0130stifad\u0259\u00e7il\u0259r 3D virtual turlara 2D fotolardan 300% \u00e7ox zaman s\u0259rf edir.<\/p>\n\n\t\t<\/div>\n\t<\/div>\n<\/div><\/div><\/div><\/div><div class=\"vc_row wpb_row vc_row-fluid vc_custom_1633428837726 wpex-vc_row-has-fill wpex-vc-reset-negative-margin\"><div class=\"wpb_column vc_column_container vc_col-sm-6\"><div class=\"vc_column-inner\"><div class=\"wpb_wrapper\">\n\t<div class=\"wpb_raw_code wpb_content_element wpb_raw_html\" >\n\t\t<div class=\"wpb_wrapper\">\n\t\t\t<iframe loading=\"lazy\" src=\"https:\/\/my.matterport.com\/show\/?m=kiitShHzJao&amp;help=0&amp;play=1&amp;qs=1&amp;brand=0&amp;mls=2&amp;vr=1\" width=\"100%\" height=\"300\" frameborder=\"0\" allowfullscreen=\"allowfullscreen\"><\/iframe>\n\t\t<\/div>\n\t<\/div>\n<\/div><\/div><\/div><div class=\"wpb_column vc_column_container vc_col-sm-6\"><div class=\"vc_column-inner\"><div class=\"wpb_wrapper\">\n\t<div class=\"wpb_raw_code wpb_content_element wpb_raw_html\" >\n\t\t<div class=\"wpb_wrapper\">\n\t\t\t<iframe loading=\"lazy\" src=\"https:\/\/my.matterport.com\/show\/?m=QNk9RvTvQL6&amp;help=0&amp;play=1&amp;qs=1&amp;brand=0&amp;mls=2&amp;vr=1\" width=\"100%\" height=\"300\" frameborder=\"0\" allowfullscreen=\"allowfullscreen\"><\/iframe>\n\t\t<\/div>\n\t<\/div>\n<\/div><\/div><\/div><\/div><div class=\"vc_row wpb_row vc_row-fluid vc_custom_1634114666399\"><div class=\"wpb_column vc_column_container vc_col-sm-12\"><div class=\"vc_column-inner\"><div class=\"wpb_wrapper\"><h1 class=\"vcex-heading vcex-module wpex-text-2xl wpex-font-normal wpex-m-auto wpex-max-w-100 vcex-heading-plain wpex-block wpex-text-left\" style=\"color:#222222;font-family:Arial, Helvetica, sans-serif;font-size:35px;font-weight:700;\"><span class=\"vcex-heading-inner wpex-inline-block wpex-clr\">\u018flav\u0259 xidm\u0259tl\u0259r<\/span><\/h1><\/div><\/div><\/div><\/div><div class=\"vc_row wpb_row vc_row-fluid vc_custom_1634113621982 wpex-vc_row-has-fill wpex-vc-reset-negative-margin\"><div class=\"wpb_column vc_column_container vc_col-sm-4\"><div class=\"vc_column-inner\"><div class=\"wpb_wrapper\">\n\t<div  class=\"wpb_single_image wpb_content_element vc_align_\">\n\t\t\n\t\t<figure class=\"wpb_wrapper vc_figure\">\n\t\t\t<div class=\"vc_single_image-wrapper   vc_box_border_grey\"><img loading=\"lazy\" decoding=\"async\" width=\"82\" height=\"80\" src=\"https:\/\/matterport.az\/wp-content\/uploads\/2013\/12\/GuidedTours-2.png\" class=\"vc_single_image-img attachment-full\" alt=\"\" \/><\/div>\n\t\t<\/figure>\n\t<\/div>\n<div class=\"vcex-spacing wpex-w-100 wpex-clear\" style=\"height:30px\"><\/div><div class=\"vcex-heading vcex-module wpex-text-2xl wpex-font-normal wpex-m-auto wpex-max-w-100 vcex-heading-plain wpex-block wpex-text-left\" style=\"color:#222222;font-family:Arial, Helvetica, sans-serif;font-size:25px;font-weight:600;\"><span class=\"vcex-heading-inner wpex-inline-block wpex-clr\">Virtual B\u0259l\u0259d\u00e7i<\/span><\/div><div class=\"vcex-spacing wpex-w-100 wpex-clear\" style=\"height:15px\"><\/div>\n\t<div style=\"font-family:Arial, Helvetica, sans-serif;font-size:16px;\" class=\"wpb_text_column wpb_content_element\" >\n\t\t<div class=\"wpb_wrapper\">\n\t\t\t<p>3D m\u0259kan\u0131n\u0131z\u0131n y\u00fcks\u0259k keyfiyy\u0259tli virtual turlar\u0131<\/p>\n\n\t\t<\/div>\n\t<\/div>\n<\/div><\/div><\/div><div class=\"wpb_column vc_column_container vc_col-sm-4\"><div class=\"vc_column-inner\"><div class=\"wpb_wrapper\">\n\t<div  class=\"wpb_single_image wpb_content_element vc_align_\">\n\t\t\n\t\t<figure class=\"wpb_wrapper vc_figure\">\n\t\t\t<div class=\"vc_single_image-wrapper   vc_box_border_grey\"><img loading=\"lazy\" decoding=\"async\" width=\"72\" height=\"80\" src=\"https:\/\/matterport.az\/wp-content\/uploads\/2013\/12\/Shape-1.png\" class=\"vc_single_image-img attachment-full\" alt=\"\" \/><\/div>\n\t\t<\/figure>\n\t<\/div>\n<div class=\"vcex-spacing wpex-w-100 wpex-clear\" style=\"height:30px\"><\/div><div class=\"vcex-heading vcex-module wpex-text-2xl wpex-font-normal wpex-m-auto wpex-max-w-100 vcex-heading-plain wpex-block wpex-text-left\" style=\"color:#222222;font-family:Arial, Helvetica, sans-serif;font-size:25px;font-weight:600;\"><span class=\"vcex-heading-inner wpex-inline-block wpex-clr\">4K Fotolar<\/span><\/div><div class=\"vcex-spacing wpex-w-100 wpex-clear\" style=\"height:15px\"><\/div>\n\t<div style=\"font-family:Arial, Helvetica, sans-serif;font-size:16px;\" class=\"wpb_text_column wpb_content_element\" >\n\t\t<div class=\"wpb_wrapper\">\n\t\t\t<p>3D modeld\u0259n \u00e7\u0131xar\u0131lm\u0131\u015f haz\u0131r fotolar<\/p>\n\n\t\t<\/div>\n\t<\/div>\n<\/div><\/div><\/div><div class=\"wpb_column vc_column_container vc_col-sm-4\"><div class=\"vc_column-inner\"><div class=\"wpb_wrapper\">\n\t<div  class=\"wpb_single_image wpb_content_element vc_align_\">\n\t\t\n\t\t<figure class=\"wpb_wrapper vc_figure\">\n\t\t\t<div class=\"vc_single_image-wrapper   vc_box_border_grey\"><img loading=\"lazy\" decoding=\"async\" width=\"80\" height=\"80\" src=\"https:\/\/matterport.az\/wp-content\/uploads\/2013\/12\/Mattertags_1.png\" class=\"vc_single_image-img attachment-full\" alt=\"\" \/><\/div>\n\t\t<\/figure>\n\t<\/div>\n<div class=\"vcex-spacing wpex-w-100 wpex-clear\" style=\"height:30px\"><\/div><div class=\"vcex-heading vcex-module wpex-text-2xl wpex-font-normal wpex-m-auto wpex-max-w-100 vcex-heading-plain wpex-block wpex-text-left\" style=\"color:#222222;font-family:Arial, Helvetica, sans-serif;font-size:25px;font-weight:600;\"><span class=\"vcex-heading-inner wpex-inline-block wpex-clr\">A\u011f\u0131ll\u0131 P\u0259nc\u0259r\u0259l\u0259r<\/span><\/div><div class=\"vcex-spacing wpex-w-100 wpex-clear\" style=\"height:15px\"><\/div>\n\t<div style=\"color:#222222;font-family:Arial, Helvetica, sans-serif;font-size:16px;\" class=\"wpb_text_column has-custom-color wpex-child-inherit-color wpb_content_element\" >\n\t\t<div class=\"wpb_wrapper\">\n\t\t\t<p>3D modelin i\u00e7\u0259risin\u0259 daxil oluna bil\u0259n qeydl\u0259r, ba\u011flant\u0131lar, videolar v\u0259 e-ticar\u0259t vasit\u0259l\u0259ri<\/p>\n\n\t\t<\/div>\n\t<\/div>\n<\/div><\/div><\/div><\/div><div class=\"vc_row wpb_row vc_row-fluid vc_custom_1634114671159 wpex-vc_row-has-fill wpex-vc-reset-negative-margin\"><div class=\"wpb_column vc_column_container vc_col-sm-4\"><div class=\"vc_column-inner\"><div class=\"wpb_wrapper\">\n\t<div  class=\"wpb_single_image wpb_content_element vc_align_\">\n\t\t\n\t\t<figure class=\"wpb_wrapper vc_figure\">\n\t\t\t<div class=\"vc_single_image-wrapper   vc_box_border_grey\"><img loading=\"lazy\" decoding=\"async\" width=\"64\" height=\"80\" src=\"https:\/\/matterport.az\/wp-content\/uploads\/2013\/12\/Blur_0-2.png\" class=\"vc_single_image-img attachment-full\" alt=\"\" \/><\/div>\n\t\t<\/figure>\n\t<\/div>\n<div class=\"vcex-spacing wpex-w-100 wpex-clear\" style=\"height:30px\"><\/div><div class=\"vcex-heading vcex-module wpex-text-2xl wpex-font-normal wpex-m-auto wpex-max-w-100 vcex-heading-plain wpex-block wpex-text-left\" style=\"color:#222222;font-family:Arial, Helvetica, sans-serif;font-size:25px;font-weight:600;\"><span class=\"vcex-heading-inner wpex-inline-block wpex-clr\">R\u0259q\u0259msal F\u0131r\u00e7a<\/span><\/div><div class=\"vcex-spacing wpex-w-100 wpex-clear\" style=\"height:15px\"><\/div>\n\t<div style=\"color:#222222;font-family:Arial, Helvetica, sans-serif;font-size:16px;\" class=\"wpb_text_column has-custom-color wpex-child-inherit-color wpb_content_element\" >\n\t\t<div class=\"wpb_wrapper\">\n\t\t\t<p>\u015e\u0259xs \u00fczl\u0259ri v\u0259 \u015f\u0259xsi m\u0259lumatlar\u0131 m\u0259xfil\u0259\u015fdirm\u0259k \u00fc\u00e7\u00fcn vasit\u0259<\/p>\n\n\t\t<\/div>\n\t<\/div>\n<\/div><\/div><\/div><div class=\"wpb_column vc_column_container vc_col-sm-4\"><div class=\"vc_column-inner\"><div class=\"wpb_wrapper\">\n\t<div  class=\"wpb_single_image wpb_content_element vc_align_\">\n\t\t\n\t\t<figure class=\"wpb_wrapper vc_figure\">\n\t\t\t<div class=\"vc_single_image-wrapper   vc_box_border_grey\"><img loading=\"lazy\" decoding=\"async\" width=\"82\" height=\"80\" src=\"https:\/\/matterport.az\/wp-content\/uploads\/2013\/12\/dollhouse-1.png\" class=\"vc_single_image-img attachment-full\" alt=\"\" \/><\/div>\n\t\t<\/figure>\n\t<\/div>\n<div class=\"vcex-spacing wpex-w-100 wpex-clear\" style=\"height:30px\"><\/div><div class=\"vcex-heading vcex-module wpex-text-2xl wpex-font-normal wpex-m-auto wpex-max-w-100 vcex-heading-plain wpex-block wpex-text-left\" style=\"color:#222222;font-family:Arial, Helvetica, sans-serif;font-size:25px;font-weight:600;\"><span class=\"vcex-heading-inner wpex-inline-block wpex-clr\">3D Virtual Plan<\/span><\/div><div class=\"vcex-spacing wpex-w-100 wpex-clear\" style=\"height:15px\"><\/div>\n\t<div style=\"color:#222222;font-family:Arial, Helvetica, sans-serif;font-size:16px;\" class=\"wpb_text_column has-custom-color wpex-child-inherit-color wpb_content_element\" >\n\t\t<div class=\"wpb_wrapper\">\n\t\t\t<div class=\"block--universal-block__body block--universal-block__body-- block--universal-block__body--base-16\">\n<div class=\"text-long\">\n<p>Fotorealistik v\u0259 tam interaktiv m\u0259rt\u0259b\u0259 plan\u0131<\/p>\n<\/div>\n<\/div>\n\n\t\t<\/div>\n\t<\/div>\n<\/div><\/div><\/div><div class=\"wpb_column vc_column_container vc_col-sm-4\"><div class=\"vc_column-inner\"><div class=\"wpb_wrapper\">\n\t<div  class=\"wpb_single_image wpb_content_element vc_align_\">\n\t\t\n\t\t<figure class=\"wpb_wrapper vc_figure\">\n\t\t\t<div class=\"vc_single_image-wrapper   vc_box_border_grey\"><img loading=\"lazy\" decoding=\"async\" width=\"59\" height=\"80\" src=\"https:\/\/matterport.az\/wp-content\/uploads\/2013\/12\/google-street-view_1-1.png\" class=\"vc_single_image-img attachment-full\" alt=\"\" \/><\/div>\n\t\t<\/figure>\n\t<\/div>\n<div class=\"vcex-spacing wpex-w-100 wpex-clear\" style=\"height:30px\"><\/div><div class=\"vcex-heading vcex-module wpex-text-2xl wpex-font-normal wpex-m-auto wpex-max-w-100 vcex-heading-plain wpex-block wpex-text-left\" style=\"color:#222222;font-family:Arial, Helvetica, sans-serif;font-size:25px;font-weight:600;\"><span class=\"vcex-heading-inner wpex-inline-block wpex-clr\">Google K\u00fc\u00e7\u0259 G\u00f6r\u00fcnt\u00fcs\u00fc<\/span><\/div><div class=\"vcex-spacing wpex-w-100 wpex-clear\" style=\"height:15px\"><\/div>\n\t<div style=\"color:#222222;font-family:Arial, Helvetica, sans-serif;font-size:16px;\" class=\"wpb_text_column has-custom-color wpex-child-inherit-color wpb_content_element\" >\n\t\t<div class=\"wpb_wrapper\">\n\t\t\t<p>Biznesinizi Google X\u0259rit\u0259y\u0259 yerl\u0259\u015fdirm\u0259k imkan\u0131<\/p>\n\n\t\t<\/div>\n\t<\/div>\n<\/div><\/div><\/div><\/div><div class=\"vc_row wpb_row vc_row-fluid vc_custom_1634114604712\"><div class=\"wpb_column vc_column_container vc_col-sm-12\"><div class=\"vc_column-inner\"><div class=\"wpb_wrapper\"><a href=\"https:\/\/matterport.az\/az\/features\/\" class=\"vcex-button theme-button clean medium align-left inline\" style=\"background:#222222;color:#ffffff;\" data-wpex-hover='{&quot;background&quot;:&quot;#f13156&quot;}'><span class=\"theme-button-inner\">HAMISINA BAXIN<\/span><\/a> <\/div><\/div><\/div><\/div>","protected":false},"excerpt":{"rendered":"3D Real Estate Whether you're a real estate agent, a broker, or a property manager, Matterport's 3D virtual tours can increase commissions, reach a wider audience, and close on properties faster. 74% of agents using Matterport win more listings 95%&hellip;","protected":false},"author":1,"featured_media":0,"parent":0,"menu_order":0,"comment_status":"closed","ping_status":"closed","template":"","meta":{"footnotes":""},"class_list":["post-2399","page","type-page","status-publish","hentry","entry","no-media"],"_links":{"self":[{"href":"https:\/\/matterport.az\/az\/wp-json\/wp\/v2\/pages\/2399","targetHints":{"allow":["GET"]}}],"collection":[{"href":"https:\/\/matterport.az\/az\/wp-json\/wp\/v2\/pages"}],"about":[{"href":"https:\/\/matterport.az\/az\/wp-json\/wp\/v2\/types\/page"}],"author":[{"embeddable":true,"href":"https:\/\/matterport.az\/az\/wp-json\/wp\/v2\/users\/1"}],"replies":[{"embeddable":true,"href":"https:\/\/matterport.az\/az\/wp-json\/wp\/v2\/comments?post=2399"}],"version-history":[{"count":315,"href":"https:\/\/matterport.az\/az\/wp-json\/wp\/v2\/pages\/2399\/revisions"}],"predecessor-version":[{"id":5954,"href":"https:\/\/matterport.az\/az\/wp-json\/wp\/v2\/pages\/2399\/revisions\/5954"}],"wp:attachment":[{"href":"https:\/\/matterport.az\/az\/wp-json\/wp\/v2\/media?parent=2399"}],"curies":[{"name":"wp","href":"https:\/\/api.w.org\/{rel}","templated":true}]}}