{"id":5705,"date":"2013-12-05T19:48:46","date_gmt":"2013-12-05T19:48:46","guid":{"rendered":"https:\/\/matterport.az\/real-estate-2\/"},"modified":"2021-10-13T10:27:44","modified_gmt":"2021-10-13T10:27:44","slug":"travel-hospitality","status":"publish","type":"page","link":"https:\/\/matterport.az\/ru\/travel-hospitality\/","title":{"rendered":"Travel &#038; Hospitality"},"content":{"rendered":"<div class=\"vc_row wpb_row vc_row-fluid\"><div class=\"wpb_column vc_column_container vc_col-sm-12\"><div class=\"vc_column-inner\"><div class=\"wpb_wrapper\">\n\t<div  class=\"wpb_single_image wpb_content_element vc_align_\">\n\t\t\n\t\t<figure class=\"wpb_wrapper vc_figure\">\n\t\t\t<div class=\"vc_single_image-wrapper   vc_box_border_grey\"><img loading=\"lazy\" decoding=\"async\" width=\"2000\" height=\"750\" src=\"https:\/\/matterport.az\/wp-content\/uploads\/2021\/09\/hospitality-banner.jpg\" class=\"vc_single_image-img attachment-full\" alt=\"\" \/><\/div>\n\t\t<\/figure>\n\t<\/div>\n<\/div><\/div><\/div><\/div><div class=\"vc_row wpb_row vc_row-fluid vc_custom_1634116087886 wpex-vc_row-has-fill wpex-vc-reset-negative-margin\"><div class=\"wpb_column vc_column_container vc_col-sm-12\"><div class=\"vc_column-inner\"><div class=\"wpb_wrapper\"><h1 class=\"vcex-heading vcex-module wpex-text-2xl wpex-font-normal wpex-m-auto wpex-max-w-100 vcex-heading-plain wpex-block wpex-text-left\" style=\"color:#222222;font-family:Arial, Helvetica, sans-serif;font-size:50px;font-weight:700;\"><span class=\"vcex-heading-inner wpex-inline-block wpex-clr\">3D for Travel &amp; Hospitality<\/span><\/h1><div class=\"vcex-spacing wpex-w-100 wpex-clear\" style=\"height:30px\"><\/div>\n\t<div style=\"color:#222222;font-family:Arial, Helvetica, sans-serif;font-size:22px;\" class=\"wpb_text_column has-custom-color wpex-child-inherit-color wpb_content_element\" >\n\t\t<div class=\"wpb_wrapper\">\n\t\t\t<p>From vacation rentals, to hotels and event spaces, you can elevate the promotion of your business with 3D tours that increase bookings, drive higher occupancy rates, and increase engagement rates.<\/p>\n\n\t\t<\/div>\n\t<\/div>\n<\/div><\/div><\/div><\/div><div class=\"vc_row wpb_row vc_row-fluid vc_custom_1634116107183 wpex-vc_row-has-fill wpex-vc-reset-negative-margin\"><div class=\"wpb_column vc_column_container vc_col-sm-6\"><div class=\"vc_column-inner\"><div class=\"wpb_wrapper\">\n\t<div style=\"color:#f13156;font-family:Quicksand;font-size:100px;\" class=\"wpb_text_column has-custom-color wpex-child-inherit-color wpb_content_element\" >\n\t\t<div class=\"wpb_wrapper\">\n\t\t\t<p>14%<\/p>\n\n\t\t<\/div>\n\t<\/div>\n\n\t<div style=\"color:#222222;font-family:Arial, Helvetica, sans-serif;font-size:16px;\" class=\"wpb_text_column has-custom-color wpex-child-inherit-color wpb_content_element\" >\n\t\t<div class=\"wpb_wrapper\">\n\t\t\t<article class=\"card card--at-a-glance-stat card--left-aligned card--no-image\">\n<div class=\"card__copy\">\n<div class=\"card__body\">\n<div class=\"text-long\">\n<p>increase in bookings<\/p>\n<\/div>\n<\/div>\n<\/div>\n<\/article>\n\n\t\t<\/div>\n\t<\/div>\n<\/div><\/div><\/div><div class=\"wpb_column vc_column_container vc_col-sm-6\"><div class=\"vc_column-inner\"><div class=\"wpb_wrapper\">\n\t<div style=\"color:#222222;font-family:Quicksand;font-size:100px;\" class=\"wpb_text_column has-custom-color wpex-child-inherit-color wpb_content_element\" >\n\t\t<div class=\"wpb_wrapper\">\n\t\t\t<p>300%<\/p>\n\n\t\t<\/div>\n\t<\/div>\n\n\t<div style=\"color:#222222;font-family:Arial, Helvetica, sans-serif;font-size:16px;\" class=\"wpb_text_column has-custom-color wpex-child-inherit-color wpb_content_element\" >\n\t\t<div class=\"wpb_wrapper\">\n\t\t\t<p>greater engagement with 3D tours vs. 2D imagery<\/p>\n\n\t\t<\/div>\n\t<\/div>\n<\/div><\/div><\/div><\/div><div class=\"vc_row wpb_row vc_row-fluid vc_custom_1634116116840\"><div class=\"wpb_column vc_column_container vc_col-sm-12\"><div class=\"vc_column-inner\"><div class=\"wpb_wrapper\"><div class=\"vcex-multi-buttons vcex-clr vcex-small-screen-full-width\" style=\"font-family:Arial, Helvetica, sans-serif;font-weight:400;text-align:left;\"><a href=\"https:\/\/matterport.az\/ru\/contact-us\/\" class=\"theme-button flat vcex-count-1\" style=\" background:#222222;\" data-wpex-hover=\"{&quot;background&quot;:&quot;#f13156&quot;}\">TALK TO US<\/a><a href=\"https:\/\/matterport.az\/ru\/portfolio\/\" class=\"theme-button outline vcex-count-2\" style=\" border-color:#222222;color:#222222;\" data-wpex-hover=\"{&quot;background&quot;:&quot;#f13156&quot;}\">SEE THE SAMPLES ON 3D TOURS<\/a><\/div><\/div><\/div><\/div><\/div><div class=\"vc_row wpb_row vc_row-fluid vc_custom_1634116125174 wpex-vc_row-has-fill wpex-vc-reset-negative-margin\"><div class=\"wpb_column vc_column_container vc_col-sm-6\"><div class=\"vc_column-inner\"><div class=\"wpb_wrapper\">\n\t<div class=\"wpb_raw_code wpb_content_element wpb_raw_html\" >\n\t\t<div class=\"wpb_wrapper\">\n\t\t\t<iframe loading=\"lazy\" src=\"https:\/\/my.matterport.com\/show\/?m=PMNRqXEDQCa&amp;help=0&amp;play=1&amp;qs=1&amp;brand=0&amp;mls=2&amp;vr=1\" width=\"100%\" height=\"300\" frameborder=\"0\" allowfullscreen=\"allowfullscreen\"><\/iframe>\n\t\t<\/div>\n\t<\/div>\n<div class=\"vcex-spacing wpex-w-100 wpex-clear\" style=\"height:30px\"><\/div><h1 class=\"vcex-heading vcex-module wpex-text-2xl wpex-font-normal wpex-m-auto wpex-max-w-100 vcex-heading-plain wpex-block\" style=\"color:#f5f4f3;font-family:Arial, Helvetica, sans-serif;font-size:25px;font-weight:700;\"><span class=\"vcex-heading-inner wpex-inline-block wpex-clr\">Vacation Rentals &amp; Hotels<\/span><\/h1><div class=\"vcex-spacing wpex-w-100 wpex-clear\" style=\"height:30px\"><\/div>\n\t<div style=\"color:#f5f4f3;font-family:Arial, Helvetica, sans-serif;font-size:16px;text-align:left;\" class=\"wpb_text_column has-custom-color wpex-child-inherit-color wpb_content_element\" >\n\t\t<div class=\"wpb_wrapper\">\n\t\t\t<p>Strenghten customer confidence in the booking experience by providing the most immersive, imformational, and accurate representation of an available space as possible.<\/p>\n\n\t\t<\/div>\n\t<\/div>\n<\/div><\/div><\/div><div class=\"wpb_column vc_column_container vc_col-sm-6\"><div class=\"vc_column-inner\"><div class=\"wpb_wrapper\">\n\t<div class=\"wpb_raw_code wpb_content_element wpb_raw_html\" >\n\t\t<div class=\"wpb_wrapper\">\n\t\t\t<iframe loading=\"lazy\" src=\"https:\/\/my.matterport.com\/show\/?m=22LB4JWqkGi&amp;help=0&amp;play=1&amp;qs=1&amp;brand=0&amp;mls=2&amp;vr=1\" width=\"100%\" height=\"300\" frameborder=\"0\" allowfullscreen=\"allowfullscreen\"><\/iframe>\n\t\t<\/div>\n\t<\/div>\n<div class=\"vcex-spacing wpex-w-100 wpex-clear\" style=\"height:30px\"><\/div><h1 class=\"vcex-heading vcex-module wpex-text-2xl wpex-font-normal wpex-m-auto wpex-max-w-100 vcex-heading-plain wpex-block\" style=\"color:#f5f4f3;font-family:Arial, Helvetica, sans-serif;font-size:25px;font-weight:700;\"><span class=\"vcex-heading-inner wpex-inline-block wpex-clr\">Event Spaces<\/span><\/h1><div class=\"vcex-spacing wpex-w-100 wpex-clear\" style=\"height:30px\"><\/div>\n\t<div style=\"color:#f5f4f3;font-family:Arial, Helvetica, sans-serif;font-size:16px;text-align:left;\" class=\"wpb_text_column has-custom-color wpex-child-inherit-color wpb_content_element\" >\n\t\t<div class=\"wpb_wrapper\">\n\t\t\t<p>Attract event planners with more informed booking decisions by offering a fully immersive, fully detailed 3D vision of the perfect venue.<\/p>\n\n\t\t<\/div>\n\t<\/div>\n<\/div><\/div><\/div><\/div><div class=\"vc_row wpb_row vc_row-fluid vc_custom_1634116141825\"><div class=\"wpb_column vc_column_container vc_col-sm-12\"><div class=\"vc_column-inner\"><div class=\"wpb_wrapper\"><h1 class=\"vcex-heading vcex-module wpex-text-2xl wpex-font-normal wpex-m-auto wpex-max-w-100 vcex-heading-plain wpex-block wpex-text-left\" style=\"color:#222222;font-family:Arial, Helvetica, sans-serif;font-size:35px;font-weight:700;\"><span class=\"vcex-heading-inner wpex-inline-block wpex-clr\">Get the Matterport Advantage<\/span><\/h1><div class=\"vcex-spacing wpex-w-100 wpex-clear\" style=\"height:20px\"><\/div>\n\t<div style=\"color:#222222;font-family:Arial, Helvetica, sans-serif;font-size:22px;\" class=\"wpb_text_column has-custom-color wpex-child-inherit-color wpb_content_element\" >\n\t\t<div class=\"wpb_wrapper\">\n\t\t\t<p>A 3D walkthrough enables your guests to experience your property as if they were really there, going far beyond photographs and 360 tours, helping your property stand out from the competition.<\/p>\n\n\t\t<\/div>\n\t<\/div>\n<\/div><\/div><\/div><\/div><div class=\"vc_row wpb_row vc_row-fluid vc_custom_1634116158190 wpex-vc_row-has-fill wpex-vc-reset-negative-margin\"><div class=\"wpb_column vc_column_container vc_col-sm-6\"><div class=\"vc_column-inner\"><div class=\"wpb_wrapper\">\n\t<div class=\"wpb_raw_code wpb_content_element wpb_raw_html\" >\n\t\t<div class=\"wpb_wrapper\">\n\t\t\t<iframe loading=\"lazy\" src=\"https:\/\/my.matterport.com\/show\/?m=rAKCVsSdA4P&amp;help=0&amp;play=1&amp;qs=1&amp;brand=0&amp;mls=2&amp;vr=1\" width=\"100%\" height=\"300\" frameborder=\"0\" allowfullscreen=\"allowfullscreen\"><\/iframe>\n\t\t<\/div>\n\t<\/div>\n<\/div><\/div><\/div><div class=\"wpb_column vc_column_container vc_col-sm-6\"><div class=\"vc_column-inner\"><div class=\"wpb_wrapper\"><h1 class=\"vcex-heading vcex-module wpex-text-2xl wpex-font-normal wpex-m-auto wpex-max-w-100 vcex-heading-plain wpex-block wpex-text-left\" style=\"color:#222222;font-family:Arial, Helvetica, sans-serif;font-size:25px;font-weight:700;\"><span class=\"vcex-heading-inner wpex-inline-block wpex-clr\">Create the best booking experience with a 3D virtual tour<\/span><\/h1><div class=\"vcex-spacing wpex-w-100 wpex-clear\" style=\"height:30px\"><\/div>\n\t<div style=\"color:#222222;font-family:Arial, Helvetica, sans-serif;font-size:16px;text-align:left;\" class=\"wpb_text_column has-custom-color wpex-child-inherit-color wpb_content_element\" >\n\t\t<div class=\"wpb_wrapper\">\n\t\t\t<p>With Matterport, your guests know what they are seeing online is actually how a space will look in real-life.<\/p>\n<p>By providing the most realistic representation possible, guests feel more confident and more likely to book.<\/p>\n<ul>\n<li>Embed your 3D space on your website<\/li>\n<li>Increase web engagement by as much as 15%<\/li>\n<li>Increase conversion to bookings by as much as 14%<\/li>\n<li>Increase positive customer reviews<\/li>\n<\/ul>\n\n\t\t<\/div>\n\t<\/div>\n<\/div><\/div><\/div><\/div><div class=\"vc_row wpb_row vc_row-fluid vc_custom_1634116185174 wpex-vc_row-has-fill wpex-vc-reset-negative-margin\"><div class=\"wpb_column vc_column_container vc_col-sm-6\"><div class=\"vc_column-inner\"><div class=\"wpb_wrapper\"><h1 class=\"vcex-heading vcex-module wpex-text-2xl wpex-font-normal wpex-m-auto wpex-max-w-100 vcex-heading-plain wpex-block wpex-text-left\" style=\"color:#222222;font-family:Arial, Helvetica, sans-serif;font-size:25px;font-weight:700;\"><span class=\"vcex-heading-inner wpex-inline-block wpex-clr\">Attract event planners with virtual walkthroughs<\/span><\/h1><div class=\"vcex-spacing wpex-w-100 wpex-clear\" style=\"height:30px\"><\/div>\n\t<div style=\"color:#222222;font-family:Arial, Helvetica, sans-serif;font-size:16px;\" class=\"wpb_text_column has-custom-color wpex-child-inherit-color wpb_content_element\" >\n\t\t<div class=\"wpb_wrapper\">\n\t\t\t<p>By enabling planners to see and explore your venue in immersive 3D, you will save time on in-person visits and book more events.<\/p>\n<ul>\n<li>Reduce walkthrough requests by providing 3D tours that provide clients with a sense of actually being at your property<\/li>\n<li>Accelerate the booking process by letting prospects see and share the property with other stakeholders and get feedback without doing a site visit\u00a0viewers who are not a fit for the property, while increasing the number of warm leads<\/li>\n<li>Set client expectations immediately and accurately<\/li>\n<\/ul>\n\n\t\t<\/div>\n\t<\/div>\n<\/div><\/div><\/div><div class=\"wpb_column vc_column_container vc_col-sm-6\"><div class=\"vc_column-inner\"><div class=\"wpb_wrapper\">\n\t<div class=\"wpb_raw_code wpb_content_element wpb_raw_html\" >\n\t\t<div class=\"wpb_wrapper\">\n\t\t\t<iframe loading=\"lazy\" src=\"https:\/\/my.matterport.com\/show\/?m=g5oN1Ra9Rs3&amp;help=0&amp;play=1&amp;qs=1&amp;brand=0&amp;mls=2&amp;vr=1\" width=\"100%\" height=\"300\" frameborder=\"0\" allowfullscreen=\"allowfullscreen\"><\/iframe>\n\t\t<\/div>\n\t<\/div>\n<\/div><\/div><\/div><\/div><div class=\"vc_row wpb_row vc_row-fluid vc_custom_1634116199567\"><div class=\"wpb_column vc_column_container vc_col-sm-12\"><div class=\"vc_column-inner\"><div class=\"wpb_wrapper\"><h1 class=\"vcex-heading vcex-module wpex-text-2xl wpex-font-normal wpex-m-auto wpex-max-w-100 vcex-heading-plain wpex-block wpex-text-left\" style=\"color:#222222;font-family:Arial, Helvetica, sans-serif;font-size:35px;font-weight:700;\"><span class=\"vcex-heading-inner wpex-inline-block wpex-clr\">See it for yourself<\/span><\/h1><div class=\"vcex-spacing wpex-w-100 wpex-clear\" style=\"height:20px\"><\/div>\n\t<div style=\"color:#222222;font-family:Arial, Helvetica, sans-serif;font-size:22px;\" class=\"wpb_text_column has-custom-color wpex-child-inherit-color wpb_content_element\" >\n\t\t<div class=\"wpb_wrapper\">\n\t\t\t<p>Viewers are shown to be 300% more engaged with a Matterport 3D virtual tour than they are with 2D imagery.<\/p>\n\n\t\t<\/div>\n\t<\/div>\n<\/div><\/div><\/div><\/div><div class=\"vc_row wpb_row vc_row-fluid vc_custom_1634116213974 wpex-vc_row-has-fill wpex-vc-reset-negative-margin\"><div class=\"wpb_column vc_column_container vc_col-sm-6\"><div class=\"vc_column-inner\"><div class=\"wpb_wrapper\">\n\t<div class=\"wpb_raw_code wpb_content_element wpb_raw_html\" >\n\t\t<div class=\"wpb_wrapper\">\n\t\t\t<iframe loading=\"lazy\" src=\"https:\/\/my.matterport.com\/show\/?m=1bBbKvTGfzb&amp;help=0&amp;play=1&amp;qs=1&amp;brand=0&amp;mls=2&amp;vr=1\" width=\"100%\" height=\"300\" frameborder=\"0\" allowfullscreen=\"allowfullscreen\"><\/iframe>\n\t\t<\/div>\n\t<\/div>\n<\/div><\/div><\/div><div class=\"wpb_column vc_column_container vc_col-sm-6\"><div class=\"vc_column-inner\"><div class=\"wpb_wrapper\">\n\t<div class=\"wpb_raw_code wpb_content_element wpb_raw_html\" >\n\t\t<div class=\"wpb_wrapper\">\n\t\t\t<iframe loading=\"lazy\" src=\"https:\/\/my.matterport.com\/show\/?m=r8JyFsh49db&amp;help=0&amp;play=1&amp;qs=1&amp;brand=0&amp;mls=2&amp;vr=1\" width=\"100%\" height=\"300\" frameborder=\"0\" allowfullscreen=\"allowfullscreen\"><\/iframe>\n\t\t<\/div>\n\t<\/div>\n<\/div><\/div><\/div><\/div><div class=\"vc_row wpb_row vc_row-fluid vc_custom_1634116228310\"><div class=\"wpb_column vc_column_container vc_col-sm-12\"><div class=\"vc_column-inner\"><div class=\"wpb_wrapper\"><h1 class=\"vcex-heading vcex-module wpex-text-2xl wpex-font-normal wpex-m-auto wpex-max-w-100 vcex-heading-plain wpex-block wpex-text-left\" style=\"color:#222222;font-family:Arial, Helvetica, sans-serif;font-size:35px;font-weight:700;\"><span class=\"vcex-heading-inner wpex-inline-block wpex-clr\">A powerful suite of features<\/span><\/h1><\/div><\/div><\/div><\/div><div class=\"vc_row wpb_row vc_row-fluid vc_custom_1634116242974 wpex-vc_row-has-fill wpex-vc-reset-negative-margin\"><div class=\"wpb_column vc_column_container vc_col-sm-4\"><div class=\"vc_column-inner\"><div class=\"wpb_wrapper\">\n\t<div  class=\"wpb_single_image wpb_content_element vc_align_\">\n\t\t\n\t\t<figure class=\"wpb_wrapper vc_figure\">\n\t\t\t<div class=\"vc_single_image-wrapper   vc_box_border_grey\"><img loading=\"lazy\" decoding=\"async\" width=\"82\" height=\"80\" src=\"https:\/\/matterport.az\/wp-content\/uploads\/2013\/12\/GuidedTours-2.png\" class=\"vc_single_image-img attachment-full\" alt=\"\" \/><\/div>\n\t\t<\/figure>\n\t<\/div>\n<div class=\"vcex-spacing wpex-w-100 wpex-clear\" style=\"height:30px\"><\/div><div class=\"vcex-heading vcex-module wpex-text-2xl wpex-font-normal wpex-m-auto wpex-max-w-100 vcex-heading-plain wpex-block wpex-text-left\" style=\"color:#222222;font-family:Arial, Helvetica, sans-serif;font-size:25px;font-weight:600;\"><span class=\"vcex-heading-inner wpex-inline-block wpex-clr\">Virtual B\u0259l\u0259d\u00e7i<\/span><\/div><div class=\"vcex-spacing wpex-w-100 wpex-clear\" style=\"height:15px\"><\/div>\n\t<div style=\"font-family:Arial, Helvetica, sans-serif;font-size:16px;\" class=\"wpb_text_column wpb_content_element\" >\n\t\t<div class=\"wpb_wrapper\">\n\t\t\t<p>3D m\u0259kan\u0131n\u0131z\u0131n y\u00fcks\u0259k keyfiyy\u0259tli virtual turlar\u0131<\/p>\n\n\t\t<\/div>\n\t<\/div>\n<\/div><\/div><\/div><div class=\"wpb_column vc_column_container vc_col-sm-4\"><div class=\"vc_column-inner\"><div class=\"wpb_wrapper\">\n\t<div  class=\"wpb_single_image wpb_content_element vc_align_\">\n\t\t\n\t\t<figure class=\"wpb_wrapper vc_figure\">\n\t\t\t<div class=\"vc_single_image-wrapper   vc_box_border_grey\"><img loading=\"lazy\" decoding=\"async\" width=\"72\" height=\"80\" src=\"https:\/\/matterport.az\/wp-content\/uploads\/2013\/12\/Shape-1.png\" class=\"vc_single_image-img attachment-full\" alt=\"\" \/><\/div>\n\t\t<\/figure>\n\t<\/div>\n<div class=\"vcex-spacing wpex-w-100 wpex-clear\" style=\"height:30px\"><\/div><div class=\"vcex-heading vcex-module wpex-text-2xl wpex-font-normal wpex-m-auto wpex-max-w-100 vcex-heading-plain wpex-block wpex-text-left\" style=\"color:#222222;font-family:Arial, Helvetica, sans-serif;font-size:25px;font-weight:600;\"><span class=\"vcex-heading-inner wpex-inline-block wpex-clr\">4K Fotolar<\/span><\/div><div class=\"vcex-spacing wpex-w-100 wpex-clear\" style=\"height:15px\"><\/div>\n\t<div style=\"color:#222222;font-family:Arial, Helvetica, sans-serif;font-size:16px;\" class=\"wpb_text_column has-custom-color wpex-child-inherit-color wpb_content_element\" >\n\t\t<div class=\"wpb_wrapper\">\n\t\t\t<p>3D modeld\u0259n \u00e7\u0131xar\u0131lm\u0131\u015f haz\u0131r fotolar<\/p>\n\n\t\t<\/div>\n\t<\/div>\n<\/div><\/div><\/div><div class=\"wpb_column vc_column_container vc_col-sm-4\"><div class=\"vc_column-inner\"><div class=\"wpb_wrapper\">\n\t<div  class=\"wpb_single_image wpb_content_element vc_align_\">\n\t\t\n\t\t<figure class=\"wpb_wrapper vc_figure\">\n\t\t\t<div class=\"vc_single_image-wrapper   vc_box_border_grey\"><img loading=\"lazy\" decoding=\"async\" width=\"80\" height=\"80\" src=\"https:\/\/matterport.az\/wp-content\/uploads\/2013\/12\/Mattertags_1-2.png\" class=\"vc_single_image-img attachment-full\" alt=\"\" \/><\/div>\n\t\t<\/figure>\n\t<\/div>\n<div class=\"vcex-spacing wpex-w-100 wpex-clear\" style=\"height:30px\"><\/div><div class=\"vcex-heading vcex-module wpex-text-2xl wpex-font-normal wpex-m-auto wpex-max-w-100 vcex-heading-plain wpex-block wpex-text-left\" style=\"color:#222222;font-family:Arial, Helvetica, sans-serif;font-size:25px;font-weight:600;\"><span class=\"vcex-heading-inner wpex-inline-block wpex-clr\">A\u011f\u0131ll\u0131 P\u0259nc\u0259r\u0259l\u0259r<\/span><\/div><div class=\"vcex-spacing wpex-w-100 wpex-clear\" style=\"height:15px\"><\/div>\n\t<div style=\"color:#222222;font-family:Arial, Helvetica, sans-serif;font-size:16px;\" class=\"wpb_text_column has-custom-color wpex-child-inherit-color wpb_content_element\" >\n\t\t<div class=\"wpb_wrapper\">\n\t\t\t<p>3D modelin i\u00e7\u0259risin\u0259 daxil oluna bil\u0259n qeydl\u0259r, ba\u011flant\u0131lar, videolar v\u0259 e-ticar\u0259t vasit\u0259l\u0259ri<\/p>\n\n\t\t<\/div>\n\t<\/div>\n<\/div><\/div><\/div><\/div><div class=\"vc_row wpb_row vc_row-fluid vc_custom_1634116259621 wpex-vc_row-has-fill wpex-vc-reset-negative-margin\"><div class=\"wpb_column vc_column_container vc_col-sm-4\"><div class=\"vc_column-inner\"><div class=\"wpb_wrapper\">\n\t<div  class=\"wpb_single_image wpb_content_element vc_align_\">\n\t\t\n\t\t<figure class=\"wpb_wrapper vc_figure\">\n\t\t\t<div class=\"vc_single_image-wrapper   vc_box_border_grey\"><img loading=\"lazy\" decoding=\"async\" width=\"64\" height=\"80\" src=\"https:\/\/matterport.az\/wp-content\/uploads\/2013\/12\/Blur_0-1.png\" class=\"vc_single_image-img attachment-full\" alt=\"\" \/><\/div>\n\t\t<\/figure>\n\t<\/div>\n<div class=\"vcex-spacing wpex-w-100 wpex-clear\" style=\"height:30px\"><\/div><div class=\"vcex-heading vcex-module wpex-text-2xl wpex-font-normal wpex-m-auto wpex-max-w-100 vcex-heading-plain wpex-block wpex-text-left\" style=\"color:#222222;font-family:Arial, Helvetica, sans-serif;font-size:25px;font-weight:600;\"><span class=\"vcex-heading-inner wpex-inline-block wpex-clr\">R\u0259q\u0259msal F\u0131r\u00e7a<\/span><\/div><div class=\"vcex-spacing wpex-w-100 wpex-clear\" style=\"height:15px\"><\/div>\n\t<div style=\"color:#222222;font-family:Arial, Helvetica, sans-serif;font-size:16px;\" class=\"wpb_text_column has-custom-color wpex-child-inherit-color wpb_content_element\" >\n\t\t<div class=\"wpb_wrapper\">\n\t\t\t<p>\u015e\u0259xs \u00fczl\u0259ri v\u0259 \u015f\u0259xsi m\u0259lumatlar\u0131 m\u0259xfil\u0259\u015fdirm\u0259k \u00fc\u00e7\u00fcn vasit\u0259<\/p>\n\n\t\t<\/div>\n\t<\/div>\n<\/div><\/div><\/div><div class=\"wpb_column vc_column_container vc_col-sm-4\"><div class=\"vc_column-inner\"><div class=\"wpb_wrapper\">\n\t<div  class=\"wpb_single_image wpb_content_element vc_align_\">\n\t\t\n\t\t<figure class=\"wpb_wrapper vc_figure\">\n\t\t\t<div class=\"vc_single_image-wrapper   vc_box_border_grey\"><img loading=\"lazy\" decoding=\"async\" width=\"82\" height=\"80\" src=\"https:\/\/matterport.az\/wp-content\/uploads\/2013\/12\/dollhouse.png\" class=\"vc_single_image-img attachment-full\" alt=\"\" \/><\/div>\n\t\t<\/figure>\n\t<\/div>\n<div class=\"vcex-spacing wpex-w-100 wpex-clear\" style=\"height:30px\"><\/div><div class=\"vcex-heading vcex-module wpex-text-2xl wpex-font-normal wpex-m-auto wpex-max-w-100 vcex-heading-plain wpex-block wpex-text-left\" style=\"color:#222222;font-family:Arial, Helvetica, sans-serif;font-size:25px;font-weight:600;\"><span class=\"vcex-heading-inner wpex-inline-block wpex-clr\">3D Virtual Plan<\/span><\/div><div class=\"vcex-spacing wpex-w-100 wpex-clear\" style=\"height:15px\"><\/div>\n\t<div style=\"color:#222222;font-family:Arial, Helvetica, sans-serif;font-size:16px;\" class=\"wpb_text_column has-custom-color wpex-child-inherit-color wpb_content_element\" >\n\t\t<div class=\"wpb_wrapper\">\n\t\t\t<p>Fotorealistik v\u0259 tam interaktiv m\u0259rt\u0259b\u0259 plan\u0131<\/p>\n\n\t\t<\/div>\n\t<\/div>\n<\/div><\/div><\/div><div class=\"wpb_column vc_column_container vc_col-sm-4\"><div class=\"vc_column-inner\"><div class=\"wpb_wrapper\">\n\t<div  class=\"wpb_single_image wpb_content_element vc_align_\">\n\t\t\n\t\t<figure class=\"wpb_wrapper vc_figure\">\n\t\t\t<div class=\"vc_single_image-wrapper   vc_box_border_grey\"><img loading=\"lazy\" decoding=\"async\" width=\"59\" height=\"80\" src=\"https:\/\/matterport.az\/wp-content\/uploads\/2013\/12\/google-street-view_1-1.png\" class=\"vc_single_image-img attachment-full\" alt=\"\" \/><\/div>\n\t\t<\/figure>\n\t<\/div>\n<div class=\"vcex-spacing wpex-w-100 wpex-clear\" style=\"height:30px\"><\/div><div class=\"vcex-heading vcex-module wpex-text-2xl wpex-font-normal wpex-m-auto wpex-max-w-100 vcex-heading-plain wpex-block wpex-text-left\" style=\"color:#222222;font-family:Arial, Helvetica, sans-serif;font-size:25px;font-weight:600;\"><span class=\"vcex-heading-inner wpex-inline-block wpex-clr\">Google K\u00fc\u00e7\u0259 G\u00f6r\u00fcnt\u00fcs\u00fc<\/span><\/div><div class=\"vcex-spacing wpex-w-100 wpex-clear\" style=\"height:15px\"><\/div>\n\t<div style=\"color:#222222;font-family:Arial, Helvetica, sans-serif;font-size:16px;\" class=\"wpb_text_column has-custom-color wpex-child-inherit-color wpb_content_element\" >\n\t\t<div class=\"wpb_wrapper\">\n\t\t\t<p>Biznesinizi Google X\u0259rit\u0259y\u0259 yerl\u0259\u015fdirm\u0259k imkan\u0131<\/p>\n\n\t\t<\/div>\n\t<\/div>\n<\/div><\/div><\/div><\/div><div class=\"vc_row wpb_row vc_row-fluid vc_custom_1634116270582\"><div class=\"wpb_column vc_column_container vc_col-sm-12\"><div class=\"vc_column-inner\"><div class=\"wpb_wrapper\"><a href=\"https:\/\/matterport.az\/ru\/features\/\" class=\"vcex-button theme-button clean medium align-left inline\" style=\"background:#222222;color:#ffffff;\" data-wpex-hover='{&quot;background&quot;:&quot;#f13156&quot;}'><span class=\"theme-button-inner\">SEE ALL FEATURES<\/span><\/a> <\/div><\/div><\/div><\/div>","protected":false},"excerpt":{"rendered":"3D for Travel &amp; Hospitality From vacation rentals, to hotels and event spaces, you can elevate the promotion of your business with 3D tours that increase bookings, drive higher occupancy rates, and increase engagement rates. 14% increase in bookings 300%&hellip;","protected":false},"author":1,"featured_media":0,"parent":0,"menu_order":0,"comment_status":"closed","ping_status":"closed","template":"","meta":{"footnotes":""},"class_list":["post-5705","page","type-page","status-publish","hentry","entry","no-media"],"_links":{"self":[{"href":"https:\/\/matterport.az\/ru\/wp-json\/wp\/v2\/pages\/5705","targetHints":{"allow":["GET"]}}],"collection":[{"href":"https:\/\/matterport.az\/ru\/wp-json\/wp\/v2\/pages"}],"about":[{"href":"https:\/\/matterport.az\/ru\/wp-json\/wp\/v2\/types\/page"}],"author":[{"embeddable":true,"href":"https:\/\/matterport.az\/ru\/wp-json\/wp\/v2\/users\/1"}],"replies":[{"embeddable":true,"href":"https:\/\/matterport.az\/ru\/wp-json\/wp\/v2\/comments?post=5705"}],"version-history":[{"count":17,"href":"https:\/\/matterport.az\/ru\/wp-json\/wp\/v2\/pages\/5705\/revisions"}],"predecessor-version":[{"id":5995,"href":"https:\/\/matterport.az\/ru\/wp-json\/wp\/v2\/pages\/5705\/revisions\/5995"}],"wp:attachment":[{"href":"https:\/\/matterport.az\/ru\/wp-json\/wp\/v2\/media?parent=5705"}],"curies":[{"name":"wp","href":"https:\/\/api.w.org\/{rel}","templated":true}]}}